{"id":8114,"date":"2025-10-19T22:26:54","date_gmt":"2025-10-19T20:26:54","guid":{"rendered":"https:\/\/koeva.es\/?page_id=8114"},"modified":"2026-02-17T15:38:11","modified_gmt":"2026-02-17T14:38:11","slug":"koeva-relife","status":"publish","type":"page","link":"https:\/\/koeva.es\/en\/koeva-relife\/","title":{"rendered":"KOEVA RE:LIFE"},"content":{"rendered":"<div data-elementor-type=\"wp-page\" data-elementor-id=\"8114\" class=\"elementor elementor-8114\" data-elementor-post-type=\"page\">\n\t\t\t\t<div class=\"elementor-element elementor-element-277b304 e-flex e-con-boxed e-con e-parent\" data-id=\"277b304\" data-element_type=\"container\" data-e-type=\"container\" data-settings=\"{&quot;background_background&quot;:&quot;classic&quot;}\">\n\t\t\t\t\t<div class=\"e-con-inner\">\n\t\t\t\t<div class=\"elementor-element elementor-element-5718dc8 elementor-widget elementor-widget-image\" data-id=\"5718dc8\" data-element_type=\"widget\" data-e-type=\"widget\" data-widget_type=\"image.default\">\n\t\t\t\t<div class=\"elementor-widget-container\">\n\t\t\t\t\t\t\t\t\t\t\t\t\t\t\t<img fetchpriority=\"high\" decoding=\"async\" width=\"800\" height=\"200\" src=\"https:\/\/koeva.es\/wp-content\/uploads\/2026\/02\/Giving-plastic-waste-a-new-life.-2-1024x256.png\" class=\"attachment-large size-large wp-image-8258\" alt=\"\" srcset=\"https:\/\/koeva.es\/wp-content\/uploads\/2026\/02\/Giving-plastic-waste-a-new-life.-2-1024x256.png 1024w, https:\/\/koeva.es\/wp-content\/uploads\/2026\/02\/Giving-plastic-waste-a-new-life.-2-300x75.png 300w, https:\/\/koeva.es\/wp-content\/uploads\/2026\/02\/Giving-plastic-waste-a-new-life.-2-768x192.png 768w, https:\/\/koeva.es\/wp-content\/uploads\/2026\/02\/Giving-plastic-waste-a-new-life.-2-1536x384.png 1536w, https:\/\/koeva.es\/wp-content\/uploads\/2026\/02\/Giving-plastic-waste-a-new-life.-2-18x5.png 18w, https:\/\/koeva.es\/wp-content\/uploads\/2026\/02\/Giving-plastic-waste-a-new-life.-2-600x150.png 600w, https:\/\/koeva.es\/wp-content\/uploads\/2026\/02\/Giving-plastic-waste-a-new-life.-2.png 1584w\" sizes=\"(max-width: 800px) 100vw, 800px\" title=\"\">\t\t\t\t\t\t\t\t\t\t\t\t\t\t\t<\/div>\n\t\t\t\t<\/div>\n\t\t\t\t\t<\/div>\n\t\t\t\t<\/div>\n\t\t<div class=\"elementor-element elementor-element-d9d3723 e-flex e-con-boxed e-con e-parent\" data-id=\"d9d3723\" data-element_type=\"container\" data-e-type=\"container\" data-settings=\"{&quot;background_background&quot;:&quot;classic&quot;}\">\n\t\t\t\t\t<div class=\"e-con-inner\">\n\t\t<div class=\"elementor-element elementor-element-a8d64d6 e-con-full e-flex e-con e-child\" data-id=\"a8d64d6\" data-element_type=\"container\" data-e-type=\"container\">\n\t\t\t\t<div class=\"elementor-element elementor-element-815991e elementor-widget elementor-widget-image\" data-id=\"815991e\" data-element_type=\"widget\" data-e-type=\"widget\" data-widget_type=\"image.default\">\n\t\t\t\t<div class=\"elementor-widget-container\">\n\t\t\t\t\t\t\t\t\t\t\t\t\t\t\t<img decoding=\"async\" width=\"358\" height=\"435\" src=\"https:\/\/koeva.es\/wp-content\/uploads\/2025\/10\/Slide3s.jpg\" class=\"attachment-large size-large wp-image-8159\" alt=\"\" srcset=\"https:\/\/koeva.es\/wp-content\/uploads\/2025\/10\/Slide3s.jpg 358w, https:\/\/koeva.es\/wp-content\/uploads\/2025\/10\/Slide3s-247x300.jpg 247w, https:\/\/koeva.es\/wp-content\/uploads\/2025\/10\/Slide3s-10x12.jpg 10w\" sizes=\"(max-width: 358px) 100vw, 358px\" title=\"\">\t\t\t\t\t\t\t\t\t\t\t\t\t\t\t<\/div>\n\t\t\t\t<\/div>\n\t\t\t\t<\/div>\n\t\t<div class=\"elementor-element elementor-element-049a405 e-con-full e-flex e-con e-child\" data-id=\"049a405\" data-element_type=\"container\" data-e-type=\"container\">\n\t\t\t\t<div class=\"elementor-element elementor-element-74ca93e elementor-widget elementor-widget-heading\" data-id=\"74ca93e\" data-element_type=\"widget\" data-e-type=\"widget\" data-widget_type=\"heading.default\">\n\t\t\t\t<div class=\"elementor-widget-container\">\n\t\t\t\t\t<h1 class=\"elementor-heading-title elementor-size-default\">Circular economy<\/h1>\t\t\t\t<\/div>\n\t\t\t\t<\/div>\n\t\t\t\t<div class=\"elementor-element elementor-element-605b922 elementor-widget elementor-widget-text-editor\" data-id=\"605b922\" data-element_type=\"widget\" data-e-type=\"widget\" data-widget_type=\"text-editor.default\">\n\t\t\t\t<div class=\"elementor-widget-container\">\n\t\t\t\t\t\t\t\t\t<p>At Koeva Re:Life, we transform plastic waste into useful, decorative, and personalized objects using 3D printing. We create street furniture, event decor, retail solutions, and more.<\/p><ul><li>Local production<\/li><li>Recycled material<\/li><li>Large format 3D printing<\/li><li>Out of stock: only available on demand<\/li><\/ul>\t\t\t\t\t\t\t\t<\/div>\n\t\t\t\t<\/div>\n\t\t\t\t<\/div>\n\t\t\t\t\t<\/div>\n\t\t\t\t<\/div>\n\t\t<div class=\"elementor-element elementor-element-c337e64 e-con-full e-flex e-con e-parent\" data-id=\"c337e64\" data-element_type=\"container\" data-e-type=\"container\" data-settings=\"{&quot;background_background&quot;:&quot;classic&quot;}\">\n\t\t<div class=\"elementor-element elementor-element-d22f069 e-con-full e-flex e-con e-child\" data-id=\"d22f069\" data-element_type=\"container\" data-e-type=\"container\">\n\t\t\t\t<div class=\"elementor-element elementor-element-ff1e91d elementor-widget elementor-widget-image\" data-id=\"ff1e91d\" data-element_type=\"widget\" data-e-type=\"widget\" data-widget_type=\"image.default\">\n\t\t\t\t<div class=\"elementor-widget-container\">\n\t\t\t\t\t\t\t\t\t\t\t\t\t\t\t<img decoding=\"async\" width=\"380\" height=\"448\" src=\"https:\/\/koeva.es\/wp-content\/uploads\/2025\/10\/Slide3RRF-e1760911757423.jpg\" class=\"attachment-large size-large wp-image-8160\" alt=\"\" srcset=\"https:\/\/koeva.es\/wp-content\/uploads\/2025\/10\/Slide3RRF-e1760911757423.jpg 380w, https:\/\/koeva.es\/wp-content\/uploads\/2025\/10\/Slide3RRF-e1760911757423-254x300.jpg 254w, https:\/\/koeva.es\/wp-content\/uploads\/2025\/10\/Slide3RRF-e1760911757423-10x12.jpg 10w\" sizes=\"(max-width: 380px) 100vw, 380px\" title=\"\">\t\t\t\t\t\t\t\t\t\t\t\t\t\t\t<\/div>\n\t\t\t\t<\/div>\n\t\t\t\t<\/div>\n\t\t<div class=\"elementor-element elementor-element-b953832 e-con-full e-flex e-con e-child\" data-id=\"b953832\" data-element_type=\"container\" data-e-type=\"container\">\n\t\t\t\t<div class=\"elementor-element elementor-element-38c5ee6 elementor-widget elementor-widget-text-editor\" data-id=\"38c5ee6\" data-element_type=\"widget\" data-e-type=\"widget\" data-widget_type=\"text-editor.default\">\n\t\t\t\t<div class=\"elementor-widget-container\">\n\t\t\t\t\t\t\t\t\t<div class=\"react-renderer node-paragraph animatable-on-load animatable-on-load-annotatable block block-paragraph first-block first-block-in-card animate-has-animated\" data-pos=\"338\"><div dir=\"auto\" data-node-view-content=\"\"><div data-node-view-content-inner=\"paragraph\"><span class=\"textColor\">We help companies, institutions and brands committed to sustainability to:<\/span><\/div><div data-node-view-content-inner=\"paragraph\">\u00a0<\/div><\/div><\/div><div dir=\"auto\" data-node-view-wrapper=\"\"><ul><li data-testid=\"bullet-list-item\" data-node-view-content=\"\"><div data-node-view-content-inner=\"bullet\"><span class=\"textColor\">Meeting your ESG and SDG goals<\/span><\/div><\/li><\/ul><\/div><div dir=\"auto\" data-node-view-wrapper=\"\"><ul><li data-testid=\"bullet-list-item\" data-node-view-content=\"\"><div data-node-view-content-inner=\"bullet\"><span class=\"textColor\">Reduce your plastic footprint<\/span><\/div><\/li><\/ul><\/div><div dir=\"auto\" data-node-view-wrapper=\"\"><ul><li data-testid=\"bullet-list-item\" data-node-view-content=\"\"><div data-node-view-content-inner=\"bullet\"><span class=\"textColor\">Communicate its impact transparently<\/span><\/div><\/li><\/ul><\/div><div dir=\"auto\" data-node-view-wrapper=\"\"><ul><li data-testid=\"bullet-list-item\" data-node-view-content=\"\"><div data-node-view-content-inner=\"bullet\"><span class=\"textColor\">Turning waste into recycled and traceable design products 100%<\/span><\/div><\/li><\/ul><\/div><div class=\"react-renderer node-paragraph animatable-on-load animatable-on-load-annotatable block block-paragraph last-block animate-has-animated\" data-pos=\"601\"><div data-node-view-wrapper=\"\"><div dir=\"auto\" data-node-view-content=\"\"><div data-node-view-content-inner=\"paragraph\">\u00a0<\/div><div data-node-view-content-inner=\"paragraph\"><span class=\"textColor\">Traceability using blockchain technology<\/span><br class=\"node-hardBreak\" data-pos=\"645\" \/><span class=\"textColor\"> Local production + on-demand<\/span><br class=\"node-hardBreak\" data-pos=\"675\" \/><span class=\"textColor\"> Waste as a sustainable asset<\/span><\/div><\/div><\/div><\/div>\t\t\t\t\t\t\t\t<\/div>\n\t\t\t\t<\/div>\n\t\t\t\t<\/div>\n\t\t\t\t<\/div>\n\t\t<div class=\"elementor-element elementor-element-f925e46 e-con-full e-flex e-con e-parent\" data-id=\"f925e46\" data-element_type=\"container\" data-e-type=\"container\" data-settings=\"{&quot;background_background&quot;:&quot;classic&quot;}\">\n\t\t<div class=\"elementor-element elementor-element-5ede574 e-con-full e-flex e-con e-child\" data-id=\"5ede574\" data-element_type=\"container\" data-e-type=\"container\">\n\t\t\t\t<div class=\"elementor-element elementor-element-804f084 elementor-widget elementor-widget-image\" data-id=\"804f084\" data-element_type=\"widget\" data-e-type=\"widget\" data-widget_type=\"image.default\">\n\t\t\t\t<div class=\"elementor-widget-container\">\n\t\t\t\t\t\t\t\t\t\t\t\t\t\t\t<img loading=\"lazy\" decoding=\"async\" width=\"800\" height=\"534\" src=\"https:\/\/koeva.es\/wp-content\/uploads\/2025\/10\/15069361-a79d-4db8-8c3d-abf9e21cb37e-1024x683.png\" class=\"attachment-large size-large wp-image-8164\" alt=\"\" title=\"\">\t\t\t\t\t\t\t\t\t\t\t\t\t\t\t<\/div>\n\t\t\t\t<\/div>\n\t\t\t\t<\/div>\n\t\t<div class=\"elementor-element elementor-element-eb7eba6 e-con-full e-flex e-con e-child\" data-id=\"eb7eba6\" data-element_type=\"container\" data-e-type=\"container\">\n\t\t\t\t<div class=\"elementor-element elementor-element-94d203c elementor-widget elementor-widget-text-editor\" data-id=\"94d203c\" data-element_type=\"widget\" data-e-type=\"widget\" data-widget_type=\"text-editor.default\">\n\t\t\t\t<div class=\"elementor-widget-container\">\n\t\t\t\t\t\t\t\t\t<div dir=\"auto\" data-node-view-wrapper=\"\"><ul><li data-testid=\"bullet-list-item\" data-node-view-content=\"\"><div data-node-view-content-inner=\"bullet\"><span class=\"textColor\">Corporations with ESG objectives<\/span><\/div><\/li><\/ul><\/div><div dir=\"auto\" data-node-view-wrapper=\"\"><ul><li data-testid=\"bullet-list-item\" data-node-view-content=\"\"><div data-node-view-content-inner=\"bullet\"><span class=\"textColor\">Sustainable brands<\/span><\/div><\/li><\/ul><\/div><div dir=\"auto\" data-node-view-wrapper=\"\"><ul><li data-testid=\"bullet-list-item\" data-node-view-content=\"\"><div data-node-view-content-inner=\"bullet\"><span class=\"textColor\">Events that seek to reduce their impact<\/span><\/div><\/li><\/ul><\/div><div dir=\"auto\" data-node-view-wrapper=\"\"><ul><li data-testid=\"bullet-list-item\" data-node-view-content=\"\"><div data-node-view-content-inner=\"bullet\"><span class=\"textColor\">Municipalities, public and private entities<\/span><\/div><\/li><\/ul><\/div><div dir=\"auto\" data-node-view-wrapper=\"\"><ul><li data-testid=\"bullet-list-item\" data-node-view-content=\"\"><div data-node-view-content-inner=\"bullet\"><span class=\"textColor\">Companies with plastic waste that want to give it a second use<\/span><\/div><\/li><\/ul><\/div>\t\t\t\t\t\t\t\t<\/div>\n\t\t\t\t<\/div>\n\t\t\t\t<\/div>\n\t\t\t\t<\/div>\n\t\t<div class=\"elementor-element elementor-element-cef8473 e-con-full e-flex e-con e-parent\" data-id=\"cef8473\" data-element_type=\"container\" data-e-type=\"container\" data-settings=\"{&quot;background_background&quot;:&quot;classic&quot;}\">\n\t\t<div class=\"elementor-element elementor-element-652464c e-con-full e-flex e-con e-child\" data-id=\"652464c\" data-element_type=\"container\" data-e-type=\"container\">\n\t\t\t\t<div class=\"elementor-element elementor-element-5abf3fe elementor-widget elementor-widget-image\" data-id=\"5abf3fe\" data-element_type=\"widget\" data-e-type=\"widget\" data-widget_type=\"image.default\">\n\t\t\t\t<div class=\"elementor-widget-container\">\n\t\t\t\t\t\t\t\t\t\t\t\t\t\t\t<img loading=\"lazy\" decoding=\"async\" width=\"800\" height=\"800\" src=\"https:\/\/koeva.es\/wp-content\/uploads\/2025\/10\/4511a77f-ec00-4d67-bd90-bd17e37ad654.png\" class=\"attachment-large size-large wp-image-8163\" alt=\"\" srcset=\"https:\/\/koeva.es\/wp-content\/uploads\/2025\/10\/4511a77f-ec00-4d67-bd90-bd17e37ad654.png 1024w, https:\/\/koeva.es\/wp-content\/uploads\/2025\/10\/4511a77f-ec00-4d67-bd90-bd17e37ad654-300x300.png 300w, https:\/\/koeva.es\/wp-content\/uploads\/2025\/10\/4511a77f-ec00-4d67-bd90-bd17e37ad654-150x150.png 150w, https:\/\/koeva.es\/wp-content\/uploads\/2025\/10\/4511a77f-ec00-4d67-bd90-bd17e37ad654-768x768.png 768w, https:\/\/koeva.es\/wp-content\/uploads\/2025\/10\/4511a77f-ec00-4d67-bd90-bd17e37ad654-12x12.png 12w, https:\/\/koeva.es\/wp-content\/uploads\/2025\/10\/4511a77f-ec00-4d67-bd90-bd17e37ad654-600x600.png 600w, https:\/\/koeva.es\/wp-content\/uploads\/2025\/10\/4511a77f-ec00-4d67-bd90-bd17e37ad654-100x100.png 100w\" sizes=\"(max-width: 800px) 100vw, 800px\" title=\"\">\t\t\t\t\t\t\t\t\t\t\t\t\t\t\t<\/div>\n\t\t\t\t<\/div>\n\t\t\t\t<\/div>\n\t\t<div class=\"elementor-element elementor-element-adc6c52 e-con-full e-flex e-con e-child\" data-id=\"adc6c52\" data-element_type=\"container\" data-e-type=\"container\">\n\t\t\t\t<div class=\"elementor-element elementor-element-2a4645b elementor-widget elementor-widget-text-editor\" data-id=\"2a4645b\" data-element_type=\"widget\" data-e-type=\"widget\" data-widget_type=\"text-editor.default\">\n\t\t\t\t<div class=\"elementor-widget-container\">\n\t\t\t\t\t\t\t\t\t<div class=\"react-renderer node-paragraph animatable-on-load animatable-on-load-annotatable block block-paragraph first-block first-block-in-card animate-has-animated\" data-pos=\"338\"><div data-node-view-wrapper=\"\"><div dir=\"auto\" data-node-view-content=\"\"><div data-node-view-content-inner=\"paragraph\"><div dir=\"auto\" data-node-view-wrapper=\"\"><ul><li data-testid=\"bullet-list-item\" data-node-view-content=\"\"><div data-node-view-content-inner=\"bullet\"><span class=\"textColor\">Sustainable urban furniture<\/span><\/div><\/li><\/ul><\/div><div dir=\"auto\" data-node-view-wrapper=\"\"><ul><li data-testid=\"bullet-list-item\" data-node-view-content=\"\"><div data-node-view-content-inner=\"bullet\"><span class=\"textColor\">Decorations for shops and events<\/span><\/div><\/li><\/ul><\/div><div dir=\"auto\" data-node-view-wrapper=\"\"><ul><li data-testid=\"bullet-list-item\" data-node-view-content=\"\"><div data-node-view-content-inner=\"bullet\"><span class=\"textColor\">Totems, benches, planters, signage, displays<\/span><\/div><\/li><\/ul><\/div><div dir=\"auto\" data-node-view-wrapper=\"\"><ul><li data-testid=\"bullet-list-item\" data-node-view-content=\"\"><div data-node-view-content-inner=\"bullet\"><span class=\"textColor\">Customized B2B and B2C products<\/span><\/div><\/li><\/ul><\/div><div dir=\"auto\" data-node-view-wrapper=\"\"><ul><li data-testid=\"bullet-list-item\" data-node-view-content=\"\"><div data-node-view-content-inner=\"bullet\"><span class=\"textColor\">Educational or institutional kits<\/span><\/div><\/li><\/ul><\/div><\/div><\/div><\/div><\/div>\t\t\t\t\t\t\t\t<\/div>\n\t\t\t\t<\/div>\n\t\t\t\t<\/div>\n\t\t\t\t<\/div>\n\t\t<div class=\"elementor-element elementor-element-8418b03 e-con-full e-flex e-con e-parent\" data-id=\"8418b03\" data-element_type=\"container\" data-e-type=\"container\" data-settings=\"{&quot;background_background&quot;:&quot;classic&quot;}\">\n\t\t<div class=\"elementor-element elementor-element-7112456 e-con-full e-flex e-con e-child\" data-id=\"7112456\" data-element_type=\"container\" data-e-type=\"container\">\n\t\t\t\t<div class=\"elementor-element elementor-element-fb85581 elementor-widget elementor-widget-image\" data-id=\"fb85581\" data-element_type=\"widget\" data-e-type=\"widget\" data-widget_type=\"image.default\">\n\t\t\t\t<div class=\"elementor-widget-container\">\n\t\t\t\t\t\t\t\t\t\t\t\t\t\t\t<img loading=\"lazy\" decoding=\"async\" width=\"588\" height=\"540\" src=\"https:\/\/koeva.es\/wp-content\/uploads\/2025\/10\/Slide6G.jpg\" class=\"attachment-large size-large wp-image-8162\" alt=\"\" srcset=\"https:\/\/koeva.es\/wp-content\/uploads\/2025\/10\/Slide6G.jpg 588w, https:\/\/koeva.es\/wp-content\/uploads\/2025\/10\/Slide6G-300x276.jpg 300w, https:\/\/koeva.es\/wp-content\/uploads\/2025\/10\/Slide6G-13x12.jpg 13w\" sizes=\"(max-width: 588px) 100vw, 588px\" title=\"\">\t\t\t\t\t\t\t\t\t\t\t\t\t\t\t<\/div>\n\t\t\t\t<\/div>\n\t\t\t\t<\/div>\n\t\t<div class=\"elementor-element elementor-element-06b40f1 e-con-full e-flex e-con e-child\" data-id=\"06b40f1\" data-element_type=\"container\" data-e-type=\"container\">\n\t\t<div class=\"elementor-element elementor-element-2aabcfa e-con-full e-flex e-con e-child\" data-id=\"2aabcfa\" data-element_type=\"container\" data-e-type=\"container\">\n\t\t\t\t<div class=\"elementor-element elementor-element-5a1332e elementor-widget elementor-widget-heading\" data-id=\"5a1332e\" data-element_type=\"widget\" data-e-type=\"widget\" data-widget_type=\"heading.default\">\n\t\t\t\t<div class=\"elementor-widget-container\">\n\t\t\t\t\t<h1 class=\"elementor-heading-title elementor-size-default\">Transparency and traceability<\/h1>\t\t\t\t<\/div>\n\t\t\t\t<\/div>\n\t\t\t\t<div class=\"elementor-element elementor-element-d56ae34 elementor-widget-tablet__width-inherit elementor-widget elementor-widget-text-editor\" data-id=\"d56ae34\" data-element_type=\"widget\" data-e-type=\"widget\" data-widget_type=\"text-editor.default\">\n\t\t\t\t<div class=\"elementor-widget-container\">\n\t\t\t\t\t\t\t\t\t<div class=\"react-renderer node-paragraph animatable-on-load animatable-on-load-annotatable block block-paragraph animate-has-animated\" data-pos=\"1194\"><div data-node-view-wrapper=\"\"><div dir=\"auto\" data-node-view-content=\"\"><div data-node-view-content-inner=\"paragraph\"><span class=\"textColor\">Each product carries a unique identifier (QR\/NFC) connected to the blockchain, where it is recorded:<\/span><\/div><\/div><\/div><\/div><div dir=\"auto\" data-node-view-wrapper=\"\"><ul><li data-testid=\"bullet-list-item\" data-node-view-content=\"\"><div data-node-view-content-inner=\"bullet\"><span class=\"textColor\">Origin of the waste<\/span><\/div><\/li><\/ul><\/div><div dir=\"auto\" data-node-view-wrapper=\"\"><ul><li data-testid=\"bullet-list-item\" data-node-view-content=\"\"><div data-node-view-content-inner=\"bullet\"><span class=\"textColor\">Type of recycled material<\/span><\/div><\/li><\/ul><\/div><div dir=\"auto\" data-node-view-wrapper=\"\"><ul><li data-testid=\"bullet-list-item\" data-node-view-content=\"\"><div data-node-view-content-inner=\"bullet\"><span class=\"textColor\">Place of transformation<\/span><\/div><\/li><\/ul><\/div><div dir=\"auto\" data-node-view-wrapper=\"\"><ul><li data-testid=\"bullet-list-item\" data-node-view-content=\"\"><div data-node-view-content-inner=\"bullet\"><span class=\"textColor\">Impact data (weight recovered, CO\u2082 saved, etc.)<\/span><\/div><\/li><\/ul><\/div><div class=\"react-renderer node-paragraph animatable-on-load animatable-on-load-annotatable block block-paragraph last-block animate-has-animated\" data-pos=\"1423\"><div data-node-view-wrapper=\"\"><div dir=\"auto\" data-node-view-content=\"\"><div data-node-view-content-inner=\"paragraph\"><span class=\"textColor\">Verifiable from your mobile device<\/span><br class=\"node-hardBreak\" data-pos=\"1450\" \/><span class=\"textColor\"> Compatible with ESG and SDG reports<\/span><\/div><\/div><\/div><\/div>\t\t\t\t\t\t\t\t<\/div>\n\t\t\t\t<\/div>\n\t\t\t\t<\/div>\n\t\t\t\t<\/div>\n\t\t\t\t<\/div>\n\t\t<div class=\"elementor-element elementor-element-4ca1b915 e-flex e-con-boxed e-con e-parent\" data-id=\"4ca1b915\" data-element_type=\"container\" data-e-type=\"container\" data-settings=\"{&quot;background_background&quot;:&quot;classic&quot;}\">\n\t\t\t\t\t<div class=\"e-con-inner\">\n\t\t\t\t<div class=\"elementor-element elementor-element-40473d71 elementor-widget elementor-widget-heading\" data-id=\"40473d71\" data-element_type=\"widget\" data-e-type=\"widget\" data-widget_type=\"heading.default\">\n\t\t\t\t<div class=\"elementor-widget-container\">\n\t\t\t\t\t<h3 class=\"elementor-heading-title elementor-size-default\">Do you want to collaborate with Koeva Re:Life?<\/h3>\t\t\t\t<\/div>\n\t\t\t\t<\/div>\n\t\t\t\t<div class=\"elementor-element elementor-element-45b9d18 elementor-widget elementor-widget-text-editor\" data-id=\"45b9d18\" data-element_type=\"widget\" data-e-type=\"widget\" data-widget_type=\"text-editor.default\">\n\t\t\t\t<div class=\"elementor-widget-container\">\n\t\t\t\t\t\t\t\t\t<p>Write to us or schedule a call with our team. Turn your waste into sustainable solutions with design and real impact.<\/p>\t\t\t\t\t\t\t\t<\/div>\n\t\t\t\t<\/div>\n\t\t\t\t<div class=\"elementor-element elementor-element-4a27e1e2 elementor-mobile-align-center elementor-align-center elementor-widget elementor-widget-button\" data-id=\"4a27e1e2\" data-element_type=\"widget\" data-e-type=\"widget\" data-widget_type=\"button.default\">\n\t\t\t\t<div class=\"elementor-widget-container\">\n\t\t\t\t\t\t\t\t\t<div class=\"elementor-button-wrapper\">\n\t\t\t\t\t<a class=\"elementor-button elementor-button-link elementor-size-sm\" href=\"https:\/\/koeva.es\/en\/contact\/\">\n\t\t\t\t\t\t<span class=\"elementor-button-content-wrapper\">\n\t\t\t\t\t\t\t\t\t<span class=\"elementor-button-text\">Contact us<\/span>\n\t\t\t\t\t<\/span>\n\t\t\t\t\t<\/a>\n\t\t\t\t<\/div>\n\t\t\t\t\t\t\t\t<\/div>\n\t\t\t\t<\/div>\n\t\t\t\t\t<\/div>\n\t\t\t\t<\/div>\n\t\t\t\t<\/div>","protected":false},"excerpt":{"rendered":"<p>Econom\u00eda circular En Koeva Re:Life transformamos residuos pl\u00e1sticos en objetos \u00fatiles, decorativos y personalizados mediante impresi\u00f3n 3D. Creamos mobiliario urbano, decoraci\u00f3n para eventos, soluciones para retail y m\u00e1s. Producci\u00f3n local Material reciclado Impresi\u00f3n 3D de gran formato Sin stock: solo bajo demanda Ayudamos a empresas, instituciones y marcas comprometidas con la sostenibilidad a:\u00a0 Cumplir sus [&hellip;]<\/p>\n","protected":false},"author":1,"featured_media":0,"parent":0,"menu_order":0,"comment_status":"closed","ping_status":"closed","template":"","meta":{"footnotes":""},"class_list":["post-8114","page","type-page","status-publish","hentry"],"_links":{"self":[{"href":"https:\/\/koeva.es\/en\/wp-json\/wp\/v2\/pages\/8114","targetHints":{"allow":["GET"]}}],"collection":[{"href":"https:\/\/koeva.es\/en\/wp-json\/wp\/v2\/pages"}],"about":[{"href":"https:\/\/koeva.es\/en\/wp-json\/wp\/v2\/types\/page"}],"author":[{"embeddable":true,"href":"https:\/\/koeva.es\/en\/wp-json\/wp\/v2\/users\/1"}],"replies":[{"embeddable":true,"href":"https:\/\/koeva.es\/en\/wp-json\/wp\/v2\/comments?post=8114"}],"version-history":[{"count":60,"href":"https:\/\/koeva.es\/en\/wp-json\/wp\/v2\/pages\/8114\/revisions"}],"predecessor-version":[{"id":8264,"href":"https:\/\/koeva.es\/en\/wp-json\/wp\/v2\/pages\/8114\/revisions\/8264"}],"wp:attachment":[{"href":"https:\/\/koeva.es\/en\/wp-json\/wp\/v2\/media?parent=8114"}],"curies":[{"name":"wp","href":"https:\/\/api.w.org\/{rel}","templated":true}]}}