{"id":7958,"date":"2025-06-02T12:16:25","date_gmt":"2025-06-02T10:16:25","guid":{"rendered":"https:\/\/koeva.es\/?page_id=7958"},"modified":"2025-06-02T15:18:34","modified_gmt":"2025-06-02T13:18:34","slug":"serveis-de-pintura-professional","status":"publish","type":"page","link":"https:\/\/koeva.es\/ca\/serveis-de-pintura-professional\/","title":{"rendered":"Serveis de pintura"},"content":{"rendered":"<div data-elementor-type=\"wp-page\" data-elementor-id=\"7958\" class=\"elementor elementor-7958\" data-elementor-post-type=\"page\">\n\t\t\t\t<div class=\"elementor-element elementor-element-0fdad70 e-flex e-con-boxed e-con e-parent\" data-id=\"0fdad70\" data-element_type=\"container\" data-e-type=\"container\" data-settings=\"{&quot;background_background&quot;:&quot;video&quot;,&quot;background_video_link&quot;:&quot;https:\\\/\\\/koeva.es\\\/wp-content\\\/uploads\\\/2024\\\/11\\\/0_Abstract-Art_Colorful_1280x720.mp4&quot;}\">\n\t\t\t\t\t<div class=\"e-con-inner\">\n\t\t<div class=\"elementor-background-video-container elementor-hidden-mobile\">\n\t\t\t\t\t\t\t<video class=\"elementor-background-video-hosted\" role=\"presentation\" autoplay muted playsinline loop><\/video>\n\t\t\t\t\t<\/div>\t\t<div class=\"elementor-element elementor-element-9f8182c elementor-widget elementor-widget-image-box\" data-id=\"9f8182c\" data-element_type=\"widget\" data-e-type=\"widget\" data-settings=\"{&quot;_animation_tablet&quot;:&quot;fadeInDown&quot;}\" data-widget_type=\"image-box.default\">\n\t\t\t\t<div class=\"elementor-widget-container\">\n\t\t\t\t\t<div class=\"elementor-image-box-wrapper\"><div class=\"elementor-image-box-content\"><h1 class=\"elementor-image-box-title\">Serveis de pintura professional<\/h1><\/div><\/div>\t\t\t\t<\/div>\n\t\t\t\t<\/div>\n\t\t\t\t\t<\/div>\n\t\t\t\t<\/div>\n\t\t<div class=\"elementor-element elementor-element-2c92c85 e-flex e-con-boxed e-con e-parent\" data-id=\"2c92c85\" data-element_type=\"container\" data-e-type=\"container\">\n\t\t\t\t\t<div class=\"e-con-inner\">\n\t\t\t\t<div class=\"elementor-element elementor-element-abafcbb elementor-invisible elementor-widget elementor-widget-heading\" data-id=\"abafcbb\" data-element_type=\"widget\" data-e-type=\"widget\" data-settings=\"{&quot;_animation&quot;:&quot;fadeInLeft&quot;}\" data-widget_type=\"heading.default\">\n\t\t\t\t<div class=\"elementor-widget-container\">\n\t\t\t\t\t<h3 class=\"elementor-heading-title elementor-size-default\">Els nostres serveis<\/h3>\t\t\t\t<\/div>\n\t\t\t\t<\/div>\n\t\t\t\t<div class=\"elementor-element elementor-element-c5c23a8 elementor-widget elementor-widget-heading\" data-id=\"c5c23a8\" data-element_type=\"widget\" data-e-type=\"widget\" data-widget_type=\"heading.default\">\n\t\t\t\t<div class=\"elementor-widget-container\">\n\t\t\t\t\t<h2 class=\"elementor-heading-title elementor-size-default\">Pintura professional, acabats decoratius, restauraci\u00f3 de superf\u00edcies...<\/h2>\t\t\t\t<\/div>\n\t\t\t\t<\/div>\n\t\t\t\t<div class=\"elementor-element elementor-element-14b8f4f elementor-widget elementor-widget-text-editor\" data-id=\"14b8f4f\" data-element_type=\"widget\" data-e-type=\"widget\" data-widget_type=\"text-editor.default\">\n\t\t\t\t<div class=\"elementor-widget-container\">\n\t\t\t\t\t\t\t\t\t<p>Oferim serveis de pintura professional i personalitzats per a interiors i exteriors, aplicant recobriments d&#039;alta qualitat que milloren la durabilitat, est\u00e8tica i protecci\u00f3 de tota mena de superf\u00edcies. Adaptem cada projecte a les necessitats del client, garantint acabats professionals i resultats duradors.<\/p>\t\t\t\t\t\t\t\t<\/div>\n\t\t\t\t<\/div>\n\t\t\t\t\t<\/div>\n\t\t\t\t<\/div>\n\t\t<div class=\"elementor-element elementor-element-a66abcc e-flex e-con-boxed e-con e-parent\" data-id=\"a66abcc\" data-element_type=\"container\" data-e-type=\"container\" data-settings=\"{&quot;background_background&quot;:&quot;classic&quot;}\">\n\t\t\t\t\t<div class=\"e-con-inner\">\n\t\t<div class=\"elementor-element elementor-element-2a4b6da e-con-full e-flex elementor-invisible e-con e-child\" data-id=\"2a4b6da\" data-element_type=\"container\" data-e-type=\"container\" data-settings=\"{&quot;animation&quot;:&quot;fadeIn&quot;}\">\n\t\t<div class=\"elementor-element elementor-element-0218951 e-con-full e-flex e-con e-child\" data-id=\"0218951\" data-element_type=\"container\" data-e-type=\"container\">\n\t\t\t\t<div class=\"elementor-element elementor-element-5a2196e elementor-position-top elementor-widget elementor-widget-image-box\" data-id=\"5a2196e\" data-element_type=\"widget\" data-e-type=\"widget\" data-widget_type=\"image-box.default\">\n\t\t\t\t<div class=\"elementor-widget-container\">\n\t\t\t\t\t<div class=\"elementor-image-box-wrapper\"><figure class=\"elementor-image-box-img\"><img fetchpriority=\"high\" decoding=\"async\" width=\"1512\" height=\"2016\" src=\"https:\/\/koeva.es\/wp-content\/uploads\/2024\/11\/low-angle-view-red-metal-structure.webp\" class=\"attachment-full size-full wp-image-6302\" alt=\"\" title=\"\" srcset=\"https:\/\/koeva.es\/wp-content\/uploads\/2024\/11\/low-angle-view-red-metal-structure.webp 1512w, https:\/\/koeva.es\/wp-content\/uploads\/2024\/11\/low-angle-view-red-metal-structure-225x300.webp 225w, https:\/\/koeva.es\/wp-content\/uploads\/2024\/11\/low-angle-view-red-metal-structure-768x1024.webp 768w, https:\/\/koeva.es\/wp-content\/uploads\/2024\/11\/low-angle-view-red-metal-structure-1152x1536.webp 1152w, https:\/\/koeva.es\/wp-content\/uploads\/2024\/11\/low-angle-view-red-metal-structure-9x12.webp 9w, https:\/\/koeva.es\/wp-content\/uploads\/2024\/11\/low-angle-view-red-metal-structure-600x800.webp 600w\" sizes=\"(max-width: 1512px) 100vw, 1512px\" \/><\/figure><div class=\"elementor-image-box-content\"><h3 class=\"elementor-image-box-title\">Pintura Industrial<\/h3><p class=\"elementor-image-box-description\">Brindem solucions de pintura industrial que garanteixen protecci\u00f3, durabilitat i acabats d&#039;alta qualitat. Ens adaptem a les necessitats de cada projecte, assegurant resultats \u00f2ptims en entorns exigents.<\/p><\/div><\/div>\t\t\t\t<\/div>\n\t\t\t\t<\/div>\n\t\t\t\t<\/div>\n\t\t<div class=\"elementor-element elementor-element-905fd99 e-con-full e-flex e-con e-child\" data-id=\"905fd99\" data-element_type=\"container\" data-e-type=\"container\">\n\t\t\t\t<div class=\"elementor-element elementor-element-8820868 elementor-position-top elementor-widget elementor-widget-image-box\" data-id=\"8820868\" data-element_type=\"widget\" data-e-type=\"widget\" data-widget_type=\"image-box.default\">\n\t\t\t\t<div class=\"elementor-widget-container\">\n\t\t\t\t\t<div class=\"elementor-image-box-wrapper\"><figure class=\"elementor-image-box-img\"><img decoding=\"async\" src=\"https:\/\/koeva.es\/wp-content\/uploads\/elementor\/thumbs\/red-colored-paint-splatter-texture-scaled-qxl3abtwo7rxn625buyq5vmo33nxqdd256j761s05c.jpg\" title=\"red-colored-paint-splatter-texture\" alt=\"red-colored-paint-splatter-texture\" loading=\"lazy\" \/><\/figure><div class=\"elementor-image-box-content\"><h2 class=\"elementor-image-box-title\">S\u00e8ries curtes i prototips<\/h2><p class=\"elementor-image-box-description\">Som especialistes en la producci\u00f3 de s\u00e8ries curtes i prototips, oferint acabats personalitzats amb la mateixa qualitat i precisi\u00f3 que en grans produccions. Aquest servei permet als nostres clients provar dissenys i materials abans de la fabricaci\u00f3 en massa, garantint resultats \u00f2ptims a cada etapa del projecte.<\/p><\/div><\/div>\t\t\t\t<\/div>\n\t\t\t\t<\/div>\n\t\t\t\t<\/div>\n\t\t<div class=\"elementor-element elementor-element-8a171b2 e-con-full e-flex e-con e-child\" data-id=\"8a171b2\" data-element_type=\"container\" data-e-type=\"container\">\n\t\t\t\t<div class=\"elementor-element elementor-element-bb6a7d7 elementor-position-top elementor-widget elementor-widget-image-box\" data-id=\"bb6a7d7\" data-element_type=\"widget\" data-e-type=\"widget\" data-widget_type=\"image-box.default\">\n\t\t\t\t<div class=\"elementor-widget-container\">\n\t\t\t\t\t<div class=\"elementor-image-box-wrapper\"><figure class=\"elementor-image-box-img\"><img decoding=\"async\" src=\"https:\/\/koeva.es\/wp-content\/uploads\/elementor\/thumbs\/abstract-background-with-red-paint-splash-scaled-qxl3aaw2hdqnbk3ihck3ldv7hpskio9bt1vportebk.webp\" title=\"abstract-background-with-red-paint-splash\" alt=\"abstract-background-with-red-paint-splash\" loading=\"lazy\" \/><\/figure><div class=\"elementor-image-box-content\"><h2 class=\"elementor-image-box-title\">Acabats de qualitat<\/h2><p class=\"elementor-image-box-description\">Oferim acabats d\u00b4alta qualitat que combinen durabilitat i est\u00e8tica, adaptats a les necessitats de cada client. Des d&#039;acabats industrials fins a decoratius, garantim resultats que compleixen els est\u00e0ndards m\u00e9s alts, aportant valor i distinci\u00f3 a cada pe\u00e7a.<\/p><\/div><\/div>\t\t\t\t<\/div>\n\t\t\t\t<\/div>\n\t\t\t\t<\/div>\n\t\t\t\t<\/div>\n\t\t\t\t\t<\/div>\n\t\t\t\t<\/div>\n\t\t<div class=\"elementor-element elementor-element-5851e88 e-flex e-con-boxed e-con e-parent\" data-id=\"5851e88\" data-element_type=\"container\" data-e-type=\"container\" data-settings=\"{&quot;background_background&quot;:&quot;classic&quot;}\">\n\t\t\t\t\t<div class=\"e-con-inner\">\n\t\t<div class=\"elementor-element elementor-element-0633f9f e-con-full e-flex elementor-invisible e-con e-child\" data-id=\"0633f9f\" data-element_type=\"container\" data-e-type=\"container\" data-settings=\"{&quot;animation&quot;:&quot;fadeIn&quot;}\">\n\t\t<div class=\"elementor-element elementor-element-31bea6d e-con-full e-flex e-con e-child\" data-id=\"31bea6d\" data-element_type=\"container\" data-e-type=\"container\">\n\t\t\t\t<div class=\"elementor-element elementor-element-612ff6a elementor-position-top elementor-widget elementor-widget-image-box\" data-id=\"612ff6a\" data-element_type=\"widget\" data-e-type=\"widget\" data-widget_type=\"image-box.default\">\n\t\t\t\t<div class=\"elementor-widget-container\">\n\t\t\t\t\t<div class=\"elementor-image-box-wrapper\"><figure class=\"elementor-image-box-img\"><img decoding=\"async\" src=\"https:\/\/koeva.es\/wp-content\/uploads\/elementor\/thumbs\/3d-rendering-glass-geometric-shapes-scaled-qxl3aaw2hdqnbk3ihck3ldv7hpskio9bt1vportebk.webp\" title=\"3d-rendering-glass-geometric-shapes\" alt=\"3d-rendering-glass-geometric-shapes\" loading=\"lazy\" \/><\/figure><div class=\"elementor-image-box-content\"><h2 class=\"elementor-image-box-title\">Vidre<\/h2><p class=\"elementor-image-box-description\">Especialistes en oferir acabats personalitzats en vidre, millorant la seva resist\u00e8ncia, aparen\u00e7a i funcionalitat. Des de recobriments protectors fins a acabats decoratius, garantim solucions que realcen la qualitat i el disseny de cada projecte.<\/p><\/div><\/div>\t\t\t\t<\/div>\n\t\t\t\t<\/div>\n\t\t\t\t<\/div>\n\t\t<div class=\"elementor-element elementor-element-054ba4a e-con-full e-flex e-con e-child\" data-id=\"054ba4a\" data-element_type=\"container\" data-e-type=\"container\">\n\t\t\t\t<div class=\"elementor-element elementor-element-e73c370 elementor-position-top elementor-widget elementor-widget-image-box\" data-id=\"e73c370\" data-element_type=\"widget\" data-e-type=\"widget\" data-widget_type=\"image-box.default\">\n\t\t\t\t<div class=\"elementor-widget-container\">\n\t\t\t\t\t<div class=\"elementor-image-box-wrapper\"><figure class=\"elementor-image-box-img\"><img decoding=\"async\" src=\"https:\/\/koeva.es\/wp-content\/uploads\/elementor\/thumbs\/closeup-view-piece-red-paint-table-this-image-can-be-used-depict-artistic-creativity-as-background-design-projects-scaled-qxl3abtwo7rxn625buyq5vmo33nxqdd256j761s05c.webp\" title=\"closeup-view-piece-red-paint-table-this-image-can-be-used-depict-artistic-creativity-as-background-design-projects\" alt=\"closeup-view-piece-red-paint-table-this-image-can-be-used-depict-artistic-creativity-as-background-design-projects\" loading=\"lazy\" \/><\/figure><div class=\"elementor-image-box-content\"><h2 class=\"elementor-image-box-title\">Pl\u00e0stics<\/h2><p class=\"elementor-image-box-description\">Proporcionem acabats especialitzats per a peces de pl\u00e0stic, millorant-ne la resist\u00e8ncia, est\u00e8tica i funcionalitat. Oferim solucions adaptades per a diferents sectors, assegurant resultats d&#039;alta qualitat i durabilitat a cada projecte.<\/p><\/div><\/div>\t\t\t\t<\/div>\n\t\t\t\t<\/div>\n\t\t\t\t<\/div>\n\t\t<div class=\"elementor-element elementor-element-44bfda5 e-con-full e-flex e-con e-child\" data-id=\"44bfda5\" data-element_type=\"container\" data-e-type=\"container\">\n\t\t\t\t<div class=\"elementor-element elementor-element-9b5ea07 elementor-position-top elementor-widget elementor-widget-image-box\" data-id=\"9b5ea07\" data-element_type=\"widget\" data-e-type=\"widget\" data-widget_type=\"image-box.default\">\n\t\t\t\t<div class=\"elementor-widget-container\">\n\t\t\t\t\t<div class=\"elementor-image-box-wrapper\"><figure class=\"elementor-image-box-img\"><img decoding=\"async\" width=\"1008\" height=\"1344\" src=\"https:\/\/koeva.es\/wp-content\/uploads\/2025\/06\/full-frame-shot-rusty-metal.webp\" class=\"attachment-full size-full wp-image-8026\" alt=\"\" title=\"\" srcset=\"https:\/\/koeva.es\/wp-content\/uploads\/2025\/06\/full-frame-shot-rusty-metal.webp 1008w, https:\/\/koeva.es\/wp-content\/uploads\/2025\/06\/full-frame-shot-rusty-metal-225x300.webp 225w, https:\/\/koeva.es\/wp-content\/uploads\/2025\/06\/full-frame-shot-rusty-metal-768x1024.webp 768w, https:\/\/koeva.es\/wp-content\/uploads\/2025\/06\/full-frame-shot-rusty-metal-9x12.webp 9w, https:\/\/koeva.es\/wp-content\/uploads\/2025\/06\/full-frame-shot-rusty-metal-600x800.webp 600w\" sizes=\"(max-width: 1008px) 100vw, 1008px\" \/><\/figure><div class=\"elementor-image-box-content\"><h2 class=\"elementor-image-box-title\">Anticorrosi\u00f3<\/h2><p class=\"elementor-image-box-description\">Oferim solucions d\u00b4acabats anticorrosi\u00f3 dissenyades per protegir peces i estructures en entorns exigents. Els nostres recobriments garanteixen una vida \u00fatil llarga, resist\u00e8ncia a l&#039;oxidaci\u00f3 i un rendiment \u00f2ptim en condicions extremes.<\/p><\/div><\/div>\t\t\t\t<\/div>\n\t\t\t\t<\/div>\n\t\t\t\t<\/div>\n\t\t\t\t<\/div>\n\t\t\t\t\t<\/div>\n\t\t\t\t<\/div>\n\t\t\t\t<\/div>","protected":false},"excerpt":{"rendered":"<p>Servicios de pintura profesional Nuestros servicios Pintura profesional, acabados decorativos, restauraci\u00f3n de superficies&#8230; Ofrecemos servicios de pintura profesional y personalizados para interiores y exteriores, aplicando recubrimientos de alta calidad que mejoran la durabilidad, est\u00e9tica y protecci\u00f3n de todo tipo de superficies. Adaptamos cada proyecto a las necesidades del cliente, garantizando acabados profesionales y resultados duraderos. [&hellip;]<\/p>\n","protected":false},"author":1,"featured_media":0,"parent":0,"menu_order":0,"comment_status":"closed","ping_status":"closed","template":"","meta":{"footnotes":""},"class_list":["post-7958","page","type-page","status-publish","hentry"],"_links":{"self":[{"href":"https:\/\/koeva.es\/ca\/wp-json\/wp\/v2\/pages\/7958","targetHints":{"allow":["GET"]}}],"collection":[{"href":"https:\/\/koeva.es\/ca\/wp-json\/wp\/v2\/pages"}],"about":[{"href":"https:\/\/koeva.es\/ca\/wp-json\/wp\/v2\/types\/page"}],"author":[{"embeddable":true,"href":"https:\/\/koeva.es\/ca\/wp-json\/wp\/v2\/users\/1"}],"replies":[{"embeddable":true,"href":"https:\/\/koeva.es\/ca\/wp-json\/wp\/v2\/comments?post=7958"}],"version-history":[{"count":25,"href":"https:\/\/koeva.es\/ca\/wp-json\/wp\/v2\/pages\/7958\/revisions"}],"predecessor-version":[{"id":8029,"href":"https:\/\/koeva.es\/ca\/wp-json\/wp\/v2\/pages\/7958\/revisions\/8029"}],"wp:attachment":[{"href":"https:\/\/koeva.es\/ca\/wp-json\/wp\/v2\/media?parent=7958"}],"curies":[{"name":"wp","href":"https:\/\/api.w.org\/{rel}","templated":true}]}}