{"id":6715,"date":"2024-11-22T06:48:16","date_gmt":"2024-11-22T05:48:16","guid":{"rendered":"https:\/\/koeva.es\/?page_id=6715"},"modified":"2025-06-02T14:15:50","modified_gmt":"2025-06-02T12:15:50","slug":"declaracio-daccessibilitat","status":"publish","type":"page","link":"https:\/\/koeva.es\/ca\/declaracio-daccessibilitat\/","title":{"rendered":"Declaraci\u00f3 d&#039;accessibilitat"},"content":{"rendered":"<div data-elementor-type=\"wp-page\" data-elementor-id=\"6715\" class=\"elementor elementor-6715\" data-elementor-post-type=\"page\">\n\t\t\t\t<div class=\"elementor-element elementor-element-e3f3179 e-flex e-con-boxed e-con e-parent\" data-id=\"e3f3179\" data-element_type=\"container\" data-e-type=\"container\">\n\t\t\t\t\t<div class=\"e-con-inner\">\n\t\t\t\t<div class=\"elementor-element elementor-element-f0fe70d elementor-widget elementor-widget-text-editor\" data-id=\"f0fe70d\" data-element_type=\"widget\" data-e-type=\"widget\" data-widget_type=\"text-editor.default\">\n\t\t\t\t<div class=\"elementor-widget-container\">\n\t\t\t\t\t\t\t\t\t<p data-pm-slice=\"1 1 []\">Estem compromesos a fer accessible el nostre lloc web de conformitat amb el\u00a0<a href=\"https:\/\/www.boe.es\/buscar\/act.php?id=BOE-A-2018-12699\" target=\"_blank\" rel=\"noopener noreferrer nofollow\">Reial Decret 1112\/2018, de 7 de setembre<\/a>, sobre accessibilitat dels llocs web i aplicacions per a dispositius m\u00f2bils del sector p\u00fablic (d&#039;ara endavant, Reial Decret 1112\/2018, de 7 de setembre).<\/p><p>\u00a0<\/p><p><strong>Situaci\u00f3 de compliment<\/strong><\/p><p>Aquest lloc web \u00e9s\u00a0<strong>parcialment conforme<\/strong>\u00a0amb el Reial decret 1112\/2018, de 7 de setembre, a causa de la manca de conformitat dels aspectes que s&#039;indiquen a continuaci\u00f3.<\/p><p>\u00a0<\/p><p><strong>Contingut no accessible<\/strong><\/p><p>El contingut que es recull a continuaci\u00f3 no \u00e9s accessible pel seg\u00fcent:<\/p><ol><li><p><strong>C\u00e0rrega desproporcionada<\/strong>: no aplica.<\/p><\/li><\/ol><p>\u00a0<\/p><p><strong>Preparaci\u00f3 d&#039;aquesta declaraci\u00f3 d&#039;accessibilitat<\/strong><\/p><p>Aquesta declaraci\u00f3 va ser preparada <mark data-color=\"#F5EAC0\">el 22 de novembre de 2024<\/mark>.<\/p><p>El m\u00e8tode emprat per preparar la declaraci\u00f3 ha estat una autoavaluaci\u00f3 duta a terme pel mateix organisme.<\/p><p>\u00a0<\/p><p><strong>Observacions i dades de contacte<\/strong><\/p><p>Podeu realitzar comunicacions sobre requisits d&#039;accessibilitat (article 10.2.a) del Reial decret 1112\/2018, de 7 de setembre) com, per exemple:<\/p><ul><li><p>Informar sobre qualsevol possible incompliment per part daquest lloc web.<\/p><\/li><li><p>Transmetre altres dificultats dacc\u00e9s al contingut.<\/p><\/li><li><p>Formular qualsevol altra consulta o suggeriment de millora relativa a laccessibilitat del lloc web.<\/p><\/li><\/ul><p>A trav\u00e9s de les vies seg\u00fcents:<\/p><ul><li><p><mark data-color=\"#F5EAC0\">Correu electr\u00f2nic: <a href=\"mailto:info@koeva.es\">info@koeva.es<\/a><\/mark><\/p><\/li><li><p><mark data-color=\"#F5EAC0\">Tel\u00e8fon: <a href=\"tel:+34617540991\">+34 <span style=\"font-weight: 400;\">617 540 991<\/span><\/a><\/mark><\/p><\/li><\/ul><p>\u00a0<\/p><p>Les comunicacions seran rebudes i tractades per l&#039;adre\u00e7a de l&#039;empresa com a unitat responsable dels continguts d&#039;aquest lloc web.<\/p><p>\u00a0<\/p><p><strong>Contingut opcional<\/strong><\/p><p>La versi\u00f3 visible d&#039;aquest lloc web actualment <mark data-color=\"#F5EAC0\">\u00e9s de novembre de 2024<\/mark> i en aquesta data es va fer la revisi\u00f3 del nivell daccessibilitat vigent en el moment.<\/p><p>A partir de la data esmentada es duen a terme revisions parcials di\u00e0ries del contingut web nou o modificat, tant de les plantilles com de les p\u00e0gines i documents finals publicats, a fi d&#039;assegurar el compliment dels requeriments d&#039;accessibilitat de la Norma UNE-EN 301549 :2019, considerant les excepcions del Reial decret 1112\/2018, de 7 de setembre.<\/p><p>Entre altres, s&#039;adopten les mesures seg\u00fcents per facilitar l&#039;accessibilitat:<\/p><ul><li><p>Utilitzaci\u00f3 de text alternatiu a les imatges<\/p><\/li><li><p>Els enlla\u00e7os ofereixen detalls de la funci\u00f3 o destinaci\u00f3 de l&#039;hiperenlla\u00e7<\/p><\/li><li><p>\u00das dels est\u00e0ndards del W3C: XHTML 1.0, CSS 3.0, WAI AA.<\/p><\/li><\/ul>\t\t\t\t\t\t\t\t<\/div>\n\t\t\t\t<\/div>\n\t\t\t\t\t<\/div>\n\t\t\t\t<\/div>\n\t\t\t\t<\/div>","protected":false},"excerpt":{"rendered":"<p>Estamos comprometidos a hacer accesible nuestro sitio web de conformidad con el\u00a0Real Decreto 1112\/2018, de 7 de septiembre, sobre accesibilidad de los sitios web y aplicaciones para dispositivos m\u00f3viles del sector p\u00fablico (en adelante, Real Decreto 1112\/2018, de 7 de septiembre). \u00a0 Situaci\u00f3n de cumplimiento Este sitio web es\u00a0parcialmente conforme\u00a0con el Real Decreto 1112\/2018, de [&hellip;]<\/p>\n","protected":false},"author":1,"featured_media":0,"parent":0,"menu_order":0,"comment_status":"closed","ping_status":"closed","template":"","meta":{"footnotes":""},"class_list":["post-6715","page","type-page","status-publish","hentry"],"_links":{"self":[{"href":"https:\/\/koeva.es\/ca\/wp-json\/wp\/v2\/pages\/6715","targetHints":{"allow":["GET"]}}],"collection":[{"href":"https:\/\/koeva.es\/ca\/wp-json\/wp\/v2\/pages"}],"about":[{"href":"https:\/\/koeva.es\/ca\/wp-json\/wp\/v2\/types\/page"}],"author":[{"embeddable":true,"href":"https:\/\/koeva.es\/ca\/wp-json\/wp\/v2\/users\/1"}],"replies":[{"embeddable":true,"href":"https:\/\/koeva.es\/ca\/wp-json\/wp\/v2\/comments?post=6715"}],"version-history":[{"count":4,"href":"https:\/\/koeva.es\/ca\/wp-json\/wp\/v2\/pages\/6715\/revisions"}],"predecessor-version":[{"id":6719,"href":"https:\/\/koeva.es\/ca\/wp-json\/wp\/v2\/pages\/6715\/revisions\/6719"}],"wp:attachment":[{"href":"https:\/\/koeva.es\/ca\/wp-json\/wp\/v2\/media?parent=6715"}],"curies":[{"name":"wp","href":"https:\/\/api.w.org\/{rel}","templated":true}]}}